{"id":13,"date":"2016-03-18T10:52:25","date_gmt":"2016-03-18T09:52:25","guid":{"rendered":"http:\/\/www.fertigungstechnik.rotabene.de\/?page_id=13"},"modified":"2016-07-11T13:46:06","modified_gmt":"2016-07-11T11:46:06","slug":"leistungsspektrum","status":"publish","type":"page","link":"https:\/\/www.fertigungstechnik-wettringen.de\/index.php\/leistungsspektrum\/","title":{"rendered":"Leistungsspektrum"},"content":{"rendered":"<\/div><\/div><\/div><!-- close content main div --><\/div><\/div><div id='full_slider_1' class='avia-fullwidth-slider main_color avia-shadow   container_wrap sidebar_left'   ><div  data-size='featured'  data-lightbox_size='large'  data-animation='slide'  data-ids='181'  data-video_counter='0'  data-autoplay='false'  data-bg_slider='false'  data-slide_height=''  data-handle='av_slideshow_full'  data-interval='5'  data-class=' '  data-css_id=''  data-scroll_down=''  data-control_layout='av-control-default'  data-custom_markup=''  data-perma_caption='aviaTBperma_caption'  data-autoplay_stopper=''  data-image_attachment=''  data-min_height='0px'  data-src=''  data-position='top left'  data-repeat='no-repeat'  data-attach='scroll'  data-stretch=''  data-default-height='28.6666666667'  class='avia-slideshow avia-slideshow-1  av-control-default av-default-height-applied avia-slideshow-featured av_slideshow_full   avia-slide-slider '  itemprop=\"ImageObject\" itemscope=\"itemscope\" itemtype=\"https:\/\/schema.org\/ImageObject\" ><ul class='avia-slideshow-inner' style='padding-bottom: 20.8333333333%;'><li  class=' av-single-slide slide-1 ' ><div data-rel='slideshow-1' class='avia-slide-wrap'  ><img src='https:\/\/www.fertigungstechnik-wettringen.de\/wp-content\/uploads\/2016\/03\/Fertigungstechnik_Wettringen_Header16.jpg' width='1200' height='250' title='Fertigungstechnik_Wettringen_Header16' alt=''  itemprop=\"thumbnailUrl\"   \/><\/div><\/li><\/ul><\/div><\/div>\n<section class=\"av_textblock_section \"  itemscope=\"itemscope\" itemtype=\"https:\/\/schema.org\/CreativeWork\" ><div class='avia_textblock  '   itemprop=\"text\" ><h1>Unser Leistungsspektrum f\u00fcr Ihren Erfolg<\/h1>\n<\/div><\/section>\n<div class=\"flex_column av_one_half  flex_column_div av-zero-column-padding first  \" style='border-radius:0px; '><p><section class=\"av_textblock_section \"  itemscope=\"itemscope\" itemtype=\"https:\/\/schema.org\/CreativeWork\" ><div class='avia_textblock  '   itemprop=\"text\" ><p>Neben der Produktion hochwertiger CNC-Teile fertigen wir auch komplette Bauteile mit unterschiedlichen Endbeschichtungen und Behandlungen.<\/p>\n<p>Dar\u00fcber hinaus bieten wir Ihnen mit unseren Spezialvorrichtungen zur Bearbeitung von Schmiedeteilen, Zylinderrohren und Kolbenstangen einen erweiterten Service.<\/p>\n<p>Standardisierte Arbeitsabl\u00e4ufe garantieren einen reibungslosen Produktionsprozess. Von der Materialorganisation \u00fcber die Fertigstellung bis zum Versand.<\/p>\n<\/div><\/section><br \/>\n<section class=\"av_textblock_section \"  itemscope=\"itemscope\" itemtype=\"https:\/\/schema.org\/CreativeWork\" ><div class='avia_textblock  '   itemprop=\"text\" ><p>Mit unserem <a href=\"http:\/\/www.fertigungstechnik.rotabene.de\/index.php\/leistungsspektrum\/maschinenpark\/\">topmodernen Maschinenpark<\/a> bieten wir Ihnen ein breitgef\u00e4chertes Spektrum an fertigungstechnischen Dienstleistungen und Komplettl\u00f6sungen an.<\/p>\n<ul>\n<li>CNC-Drehen<\/li>\n<li>CNC-Fr\u00e4sen<\/li>\n<li>Bohren und Tieflochbohren<\/li>\n<li>Schwei\u00dfen MIG \/ MAG \u2013 Rundschwei\u00dfen<\/li>\n<li>Komplettbearbeitung und Montagetechnik<\/li>\n<li>Laserbeschriftung<\/li>\n<li>Sonderanfertigung \u2013 Sie brauchen das Besondere? Selbstverst\u00e4ndlich fertigen wir bei Bedarf auch nach Ihren Sonderw\u00fcnschen und Anforderungen in Klein- und Kleinstserien bis hin zum echten Einzelst\u00fcck.<\/li>\n<\/ul>\n<p>Zus\u00e4tzlich unterst\u00fctzen uns leistungsf\u00e4hige und zuverl\u00e4ssige Partner \u2013 Wir bieten Ihnen Komplettl\u00f6sungen \u2013 auch \u00fcber\u00a0 unser Leistungsspektrum hinaus. Dies garantiert Ihnen ein Netzwerk von leistungsf\u00e4higen und zuverl\u00e4ssigen Partnern.<\/p>\n<p><strong><br \/>\nUnsere Partner bieten folgende Leistungen an:<\/strong><\/p>\n<ul>\n<li>Verchromen, Verzinken, H\u00e4rten, Schleifen, Nitrocarburieren<\/li>\n<\/ul>\n<\/div><\/section><\/p><\/div>\n<div class=\"flex_column av_one_half  flex_column_div av-zero-column-padding   \" style='border-radius:0px; '><p><div class='avia-gallery  avia-gallery-1 deactivate_avia_lazyload avia_animate_when_visible '  itemprop=\"ImageObject\" itemscope=\"itemscope\" itemtype=\"https:\/\/schema.org\/ImageObject\" ><div class='avia-gallery-thumb'> <a href='https:\/\/www.fertigungstechnik-wettringen.de\/wp-content\/uploads\/2016\/03\/Leistungsspektrum2.jpg' data-rel='gallery-1' data-prev-img='https:\/\/www.fertigungstechnik-wettringen.de\/wp-content\/uploads\/2016\/03\/Leistungsspektrum2-300x240.jpg' class='first_thumb lightbox ' data-onclick='1' title=''  itemprop=\"thumbnailUrl\" ><img  src='https:\/\/www.fertigungstechnik-wettringen.de\/wp-content\/uploads\/2016\/03\/Leistungsspektrum2-260x185.jpg' width='260' height='185'  title='Leistungsspektrum2' alt='' \/><\/a><\/div><\/div><br \/>\n<div class='avia-gallery  avia-gallery-2 deactivate_avia_lazyload avia_animate_when_visible '  itemprop=\"ImageObject\" itemscope=\"itemscope\" itemtype=\"https:\/\/schema.org\/ImageObject\" ><div class='avia-gallery-thumb'> <a href='https:\/\/www.fertigungstechnik-wettringen.de\/wp-content\/uploads\/2016\/03\/Leistungsspektrum4.jpg' data-rel='gallery-2' data-prev-img='https:\/\/www.fertigungstechnik-wettringen.de\/wp-content\/uploads\/2016\/03\/Leistungsspektrum4-300x240.jpg' class='first_thumb lightbox ' data-onclick='1' title=''  itemprop=\"thumbnailUrl\" ><img  src='https:\/\/www.fertigungstechnik-wettringen.de\/wp-content\/uploads\/2016\/03\/Leistungsspektrum4-260x185.jpg' width='260' height='185'  title='Leistungsspektrum4' alt='' \/><\/a> <a href='https:\/\/www.fertigungstechnik-wettringen.de\/wp-content\/uploads\/2016\/03\/Leistungsspektrum5.jpg' data-rel='gallery-2' data-prev-img='https:\/\/www.fertigungstechnik-wettringen.de\/wp-content\/uploads\/2016\/03\/Leistungsspektrum5-300x240.jpg' class='lightbox ' data-onclick='2' title=''  itemprop=\"thumbnailUrl\" ><img  src='https:\/\/www.fertigungstechnik-wettringen.de\/wp-content\/uploads\/2016\/03\/Leistungsspektrum5-260x185.jpg' width='260' height='185'  title='Leistungsspektrum5' alt='' \/><\/a> <a href='https:\/\/www.fertigungstechnik-wettringen.de\/wp-content\/uploads\/2016\/03\/Leistungsspektrum6.jpg' data-rel='gallery-2' data-prev-img='https:\/\/www.fertigungstechnik-wettringen.de\/wp-content\/uploads\/2016\/03\/Leistungsspektrum6-300x240.jpg' class='first_thumb lightbox ' data-onclick='3' title=''  itemprop=\"thumbnailUrl\" ><img  src='https:\/\/www.fertigungstechnik-wettringen.de\/wp-content\/uploads\/2016\/03\/Leistungsspektrum6-260x185.jpg' width='260' height='185'  title='Leistungsspektrum6' alt='' \/><\/a> <a href='https:\/\/www.fertigungstechnik-wettringen.de\/wp-content\/uploads\/2016\/03\/Leistungsspektrum7.jpg' data-rel='gallery-2' data-prev-img='https:\/\/www.fertigungstechnik-wettringen.de\/wp-content\/uploads\/2016\/03\/Leistungsspektrum7-300x240.jpg' class='lightbox ' data-onclick='4' title=''  itemprop=\"thumbnailUrl\" ><img  src='https:\/\/www.fertigungstechnik-wettringen.de\/wp-content\/uploads\/2016\/03\/Leistungsspektrum7-260x185.jpg' width='260' height='185'  title='Leistungsspektrum7' alt='' \/><\/a> <a href='https:\/\/www.fertigungstechnik-wettringen.de\/wp-content\/uploads\/2016\/03\/Leistungsspektrum8.jpg' data-rel='gallery-2' data-prev-img='https:\/\/www.fertigungstechnik-wettringen.de\/wp-content\/uploads\/2016\/03\/Leistungsspektrum8-300x240.jpg' class='first_thumb lightbox ' data-onclick='5' title=''  itemprop=\"thumbnailUrl\" ><img  src='https:\/\/www.fertigungstechnik-wettringen.de\/wp-content\/uploads\/2016\/03\/Leistungsspektrum8-260x185.jpg' width='260' height='185'  title='Leistungsspektrum8' alt='' \/><\/a> <a href='https:\/\/www.fertigungstechnik-wettringen.de\/wp-content\/uploads\/2016\/03\/Leistungsspektrum9.jpg' data-rel='gallery-2' data-prev-img='https:\/\/www.fertigungstechnik-wettringen.de\/wp-content\/uploads\/2016\/03\/Leistungsspektrum9-300x240.jpg' class='lightbox ' data-onclick='6' title=''  itemprop=\"thumbnailUrl\" ><img  src='https:\/\/www.fertigungstechnik-wettringen.de\/wp-content\/uploads\/2016\/03\/Leistungsspektrum9-260x185.jpg' width='260' height='185'  title='Leistungsspektrum9' alt='' \/><\/a><\/div><\/div><\/p><\/div>\n","protected":false},"excerpt":{"rendered":"","protected":false},"author":1,"featured_media":0,"parent":0,"menu_order":2,"comment_status":"closed","ping_status":"closed","template":"","meta":{"footnotes":""},"class_list":["post-13","page","type-page","status-publish","hentry"],"_links":{"self":[{"href":"https:\/\/www.fertigungstechnik-wettringen.de\/index.php\/wp-json\/wp\/v2\/pages\/13","targetHints":{"allow":["GET"]}}],"collection":[{"href":"https:\/\/www.fertigungstechnik-wettringen.de\/index.php\/wp-json\/wp\/v2\/pages"}],"about":[{"href":"https:\/\/www.fertigungstechnik-wettringen.de\/index.php\/wp-json\/wp\/v2\/types\/page"}],"author":[{"embeddable":true,"href":"https:\/\/www.fertigungstechnik-wettringen.de\/index.php\/wp-json\/wp\/v2\/users\/1"}],"replies":[{"embeddable":true,"href":"https:\/\/www.fertigungstechnik-wettringen.de\/index.php\/wp-json\/wp\/v2\/comments?post=13"}],"version-history":[{"count":36,"href":"https:\/\/www.fertigungstechnik-wettringen.de\/index.php\/wp-json\/wp\/v2\/pages\/13\/revisions"}],"predecessor-version":[{"id":481,"href":"https:\/\/www.fertigungstechnik-wettringen.de\/index.php\/wp-json\/wp\/v2\/pages\/13\/revisions\/481"}],"wp:attachment":[{"href":"https:\/\/www.fertigungstechnik-wettringen.de\/index.php\/wp-json\/wp\/v2\/media?parent=13"}],"curies":[{"name":"wp","href":"https:\/\/api.w.org\/{rel}","templated":true}]}}