{"id":17,"date":"2016-03-18T10:52:52","date_gmt":"2016-03-18T09:52:52","guid":{"rendered":"http:\/\/www.fertigungstechnik.rotabene.de\/?page_id=17"},"modified":"2019-03-27T13:57:58","modified_gmt":"2019-03-27T12:57:58","slug":"ueber-uns","status":"publish","type":"page","link":"https:\/\/www.fertigungstechnik-wettringen.de\/index.php\/ueber-uns\/","title":{"rendered":"\u00dcber uns"},"content":{"rendered":"<\/div><\/div><\/div><!-- close content main div --><\/div><\/div><div id='full_slider_1' class='avia-fullwidth-slider main_color avia-shadow   container_wrap sidebar_left'   ><div  data-size='featured'  data-lightbox_size='large'  data-animation='slide'  data-ids='177'  data-video_counter='0'  data-autoplay='false'  data-bg_slider='false'  data-slide_height=''  data-handle='av_slideshow_full'  data-interval='5'  data-class=' '  data-css_id=''  data-scroll_down=''  data-control_layout='av-control-default'  data-custom_markup=''  data-perma_caption='aviaTBperma_caption'  data-autoplay_stopper=''  data-image_attachment=''  data-min_height='0px'  data-src=''  data-position='top left'  data-repeat='no-repeat'  data-attach='scroll'  data-stretch=''  data-default-height='28.6666666667'  class='avia-slideshow avia-slideshow-1  av-control-default av-default-height-applied avia-slideshow-featured av_slideshow_full   avia-slide-slider '  itemprop=\"ImageObject\" itemscope=\"itemscope\" itemtype=\"https:\/\/schema.org\/ImageObject\" ><ul class='avia-slideshow-inner' style='padding-bottom: 20.8333333333%;'><li  class=' av-single-slide slide-1 ' ><div data-rel='slideshow-1' class='avia-slide-wrap'  ><img src='https:\/\/www.fertigungstechnik-wettringen.de\/wp-content\/uploads\/2016\/03\/Fertigungstechnik_Wettringen_Header12.jpg' width='1200' height='250' title='Fertigungstechnik_Wettringen_Header12' alt=''  itemprop=\"thumbnailUrl\"   \/><\/div><\/li><\/ul><\/div><\/div>\n<section class=\"av_textblock_section \"  itemscope=\"itemscope\" itemtype=\"https:\/\/schema.org\/CreativeWork\" ><div class='avia_textblock  '   itemprop=\"text\" ><h1>Spitzenleistung durch Innovation<\/h1>\n<\/div><\/section>\n<div class=\"flex_column av_one_half  flex_column_div av-zero-column-padding first  \" style='border-radius:0px; '><section class=\"av_textblock_section \"  itemscope=\"itemscope\" itemtype=\"https:\/\/schema.org\/CreativeWork\" ><div class='avia_textblock  '   itemprop=\"text\" ><p>Innovative Unternehmensf\u00fchrung und ein stetig modernisierter Maschinenpark garantieren langfristigen Erfolg.<\/p>\n<p>Seit der Gr\u00fcndung im Jahr 2000 w\u00e4chst das Unternehmen kontinuierlich. Heute fertigen 20 Mitarbeiter auf \u00fcber 4500 Quadratmetern mit modernen CNC-Maschinen komplexe Einzelteile, Prototypen und Gro\u00dfserien.<\/p>\n<p>Innovation und unser pers\u00f6nliches Engagement sowie die Ausstattung unseres Maschinenparks erm\u00f6glichen eine Qualit\u00e4t und Flexibilit\u00e4t, die auch Ihre Anspr\u00fcche zufrieden stellt. Beste Verkehrsanbindung zur A6 und A7 ist ein weiterer Standortvorteil.<\/p>\n<p><strong>Unser Know-how \u2013 Ihr Vorteil<\/strong><\/p>\n<p>Wir sind ein verl\u00e4sslicher und qualit\u00e4tsbewusster Partner in der Herstellung hochwertiger Hydraulikkomponenten. Aber auch im Fahrzeug-, Maschinen- und Anlagebau sowie in der Baumaschinenbranche sind wir ein zuverl\u00e4ssiger Zulieferer.<\/p>\n<\/div><\/section><\/div>\n<div class=\"flex_column av_one_half  flex_column_div av-zero-column-padding   \" style='border-radius:0px; '><div class='avia-gallery  avia-gallery-1 avia_lazyload avia_animate_when_visible '  itemprop=\"ImageObject\" itemscope=\"itemscope\" itemtype=\"https:\/\/schema.org\/ImageObject\" ><div class='avia-gallery-thumb'> <a href='https:\/\/www.fertigungstechnik-wettringen.de\/wp-content\/uploads\/2016\/03\/Stapler_Lagerhalle.jpg' data-rel='gallery-1' data-prev-img='https:\/\/www.fertigungstechnik-wettringen.de\/wp-content\/uploads\/2016\/03\/Stapler_Lagerhalle-495x400.jpg' class='first_thumb lightbox ' data-onclick='1' title=''  itemprop=\"thumbnailUrl\" ><img  src='https:\/\/www.fertigungstechnik-wettringen.de\/wp-content\/uploads\/2016\/03\/Stapler_Lagerhalle-495x400.jpg' width='495' height='400'  title='Stapler_Lagerhalle' alt='' \/><\/a><\/div><\/div><\/div>\n","protected":false},"excerpt":{"rendered":"","protected":false},"author":1,"featured_media":0,"parent":0,"menu_order":4,"comment_status":"closed","ping_status":"closed","template":"","meta":{"footnotes":""},"class_list":["post-17","page","type-page","status-publish","hentry"],"_links":{"self":[{"href":"https:\/\/www.fertigungstechnik-wettringen.de\/index.php\/wp-json\/wp\/v2\/pages\/17","targetHints":{"allow":["GET"]}}],"collection":[{"href":"https:\/\/www.fertigungstechnik-wettringen.de\/index.php\/wp-json\/wp\/v2\/pages"}],"about":[{"href":"https:\/\/www.fertigungstechnik-wettringen.de\/index.php\/wp-json\/wp\/v2\/types\/page"}],"author":[{"embeddable":true,"href":"https:\/\/www.fertigungstechnik-wettringen.de\/index.php\/wp-json\/wp\/v2\/users\/1"}],"replies":[{"embeddable":true,"href":"https:\/\/www.fertigungstechnik-wettringen.de\/index.php\/wp-json\/wp\/v2\/comments?post=17"}],"version-history":[{"count":10,"href":"https:\/\/www.fertigungstechnik-wettringen.de\/index.php\/wp-json\/wp\/v2\/pages\/17\/revisions"}],"predecessor-version":[{"id":292,"href":"https:\/\/www.fertigungstechnik-wettringen.de\/index.php\/wp-json\/wp\/v2\/pages\/17\/revisions\/292"}],"wp:attachment":[{"href":"https:\/\/www.fertigungstechnik-wettringen.de\/index.php\/wp-json\/wp\/v2\/media?parent=17"}],"curies":[{"name":"wp","href":"https:\/\/api.w.org\/{rel}","templated":true}]}}