{"id":40,"date":"2016-03-18T11:41:55","date_gmt":"2016-03-18T10:41:55","guid":{"rendered":"http:\/\/www.fertigungstechnik.rotabene.de\/?page_id=40"},"modified":"2021-11-24T13:48:28","modified_gmt":"2021-11-24T12:48:28","slug":"qualitaetssicherung","status":"publish","type":"page","link":"https:\/\/www.fertigungstechnik-wettringen.de\/index.php\/leistungsspektrum\/qualitaetssicherung\/","title":{"rendered":"Qualit\u00e4tssicherung"},"content":{"rendered":"<\/div><\/div><\/div><!-- close content main div --><\/div><\/div><div id='full_slider_1' class='avia-fullwidth-slider main_color avia-shadow   container_wrap sidebar_left'   ><div  data-size='featured'  data-lightbox_size='large'  data-animation='slide'  data-ids='167'  data-video_counter='0'  data-autoplay='false'  data-bg_slider='false'  data-slide_height=''  data-handle='av_slideshow_full'  data-interval='5'  data-class=' '  data-css_id=''  data-scroll_down=''  data-control_layout='av-control-default'  data-custom_markup=''  data-perma_caption='aviaTBperma_caption'  data-autoplay_stopper=''  data-image_attachment=''  data-min_height='0px'  data-src=''  data-position='top left'  data-repeat='no-repeat'  data-attach='scroll'  data-stretch=''  data-default-height='28.6666666667'  class='avia-slideshow avia-slideshow-1  av-control-default av-default-height-applied avia-slideshow-featured av_slideshow_full   avia-slide-slider '  itemprop=\"ImageObject\" itemscope=\"itemscope\" itemtype=\"https:\/\/schema.org\/ImageObject\" ><ul class='avia-slideshow-inner' style='padding-bottom: 20.8333333333%;'><li  class=' av-single-slide slide-1 ' ><div data-rel='slideshow-1' class='avia-slide-wrap'  ><img src='https:\/\/www.fertigungstechnik-wettringen.de\/wp-content\/uploads\/2016\/03\/Fertigungstechnik_Wettringen_Header2.jpg' width='1200' height='250' title='Fertigungstechnik_Wettringen_Header2' alt=''  itemprop=\"thumbnailUrl\"   \/><\/div><\/li><\/ul><\/div><\/div>\n<section class=\"av_textblock_section \"  itemscope=\"itemscope\" itemtype=\"https:\/\/schema.org\/CreativeWork\" ><div class='avia_textblock  '   itemprop=\"text\" ><h1>Kontrolliert von Anfang an<\/h1>\n<\/div><\/section>\n<div class=\"flex_column av_one_half  flex_column_div av-zero-column-padding first  \" style='border-radius:0px; '><section class=\"av_textblock_section \"  itemscope=\"itemscope\" itemtype=\"https:\/\/schema.org\/CreativeWork\" ><div class='avia_textblock  '   itemprop=\"text\" ><p>Als kompetenter und qualit\u00e4tsbewusster Zulieferer haben wir das Know-how und die Ausstattung unterschiedliche Teile auf h\u00f6chstem Qualit\u00e4tsniveau zu fertigen.<\/p>\n<p>Die Auswahl unserer Rohstofflieferanten sowie die beim Eintreffen des Materials begleitenden Qualit\u00e4tskontrollen mit Dokumentation geben Ihnen Sicherheit. Ein entscheidender Faktor f\u00fcr Qualit\u00e4t ist der Mensch. Verlassen Sie sich auf unsere Erfahrung, unser Know-how und unser hervorragend qualifiziertes Team.<\/p>\n<p>Jede Stufe der Fertigungsprozesse unterliegt strengsten Qualit\u00e4tskontrollen.<\/p>\n<p>Mit unserer fest verankerten Qualit\u00e4tspolitik und der Zertifizierung nach DIN ISO 9001:2015, die erstmals 2006 erfolgte, setzen wir Ma\u00dfst\u00e4be in unserer Branche und erf\u00fcllen so auch Ihre h\u00f6chsten Qualit\u00e4tsanforderungen.<\/p>\n<p><strong>Zertifikat Nr.: 12 100 29827 TMS<\/strong><br \/>\n<strong><a href=\"\/wp-content\/uploads\/2021\/11\/ISO-9001-2015-deutsche-Version-11-2024.pdf\" target=\"_blank\" rel=\"noopener\">T\u00dcV S\u00dcD (Download Zertifikat, deutsch)<\/a><br \/>\n<a href=\"https:\/\/www.fertigungstechnik-wettringen.de\/wp-content\/uploads\/2021\/11\/ISO-9001-2015-englische-Version-11-2024.pdf\" target=\"_blank\" rel=\"noopener\">T\u00dcV S\u00dcD (Download Zertifikat, englisch)<\/a><br \/>\n<\/strong><\/p>\n<\/div><\/section><\/div><div class=\"flex_column av_one_half  flex_column_div av-zero-column-padding   \" style='border-radius:0px; '><div class='avia-gallery  avia-gallery-1 avia_lazyload avia_animate_when_visible '  itemprop=\"ImageObject\" itemscope=\"itemscope\" itemtype=\"https:\/\/schema.org\/ImageObject\" ><div class='avia-gallery-thumb'> <a href='https:\/\/www.fertigungstechnik-wettringen.de\/wp-content\/uploads\/2016\/03\/Qualitaetssicherung1.jpg' data-rel='gallery-1' data-prev-img='https:\/\/www.fertigungstechnik-wettringen.de\/wp-content\/uploads\/2016\/03\/Qualitaetssicherung1-495x400.jpg' class='first_thumb lightbox ' data-onclick='1' title=''  itemprop=\"thumbnailUrl\" ><img  src='https:\/\/www.fertigungstechnik-wettringen.de\/wp-content\/uploads\/2016\/03\/Qualitaetssicherung1-495x400.jpg' width='495' height='400'  title='Qualitaetssicherung1' alt='' \/><\/a> <a href='https:\/\/www.fertigungstechnik-wettringen.de\/wp-content\/uploads\/2016\/03\/Mora_Qualitaetssicherung.jpg' data-rel='gallery-1' data-prev-img='https:\/\/www.fertigungstechnik-wettringen.de\/wp-content\/uploads\/2016\/03\/Mora_Qualitaetssicherung-495x400.jpg' class='first_thumb lightbox ' data-onclick='2' title=''  itemprop=\"thumbnailUrl\" ><img  src='https:\/\/www.fertigungstechnik-wettringen.de\/wp-content\/uploads\/2016\/03\/Mora_Qualitaetssicherung-495x400.jpg' width='495' height='400'  title='Mora_Qualitaetssicherung' alt='' \/><\/a> <a href='https:\/\/www.fertigungstechnik-wettringen.de\/wp-content\/uploads\/2016\/03\/Etalon_Qualitaetssicherung.jpg' data-rel='gallery-1' data-prev-img='https:\/\/www.fertigungstechnik-wettringen.de\/wp-content\/uploads\/2016\/03\/Etalon_Qualitaetssicherung-495x400.jpg' class='first_thumb lightbox ' data-onclick='3' title=''  itemprop=\"thumbnailUrl\" ><img  src='https:\/\/www.fertigungstechnik-wettringen.de\/wp-content\/uploads\/2016\/03\/Etalon_Qualitaetssicherung-495x400.jpg' width='495' height='400'  title='Etalon_Qualitaetssicherung' alt='' \/><\/a><\/div><\/div><\/div><\/p>\n","protected":false},"excerpt":{"rendered":"","protected":false},"author":1,"featured_media":0,"parent":13,"menu_order":5,"comment_status":"closed","ping_status":"closed","template":"","meta":{"footnotes":""},"class_list":["post-40","page","type-page","status-publish","hentry"],"_links":{"self":[{"href":"https:\/\/www.fertigungstechnik-wettringen.de\/index.php\/wp-json\/wp\/v2\/pages\/40","targetHints":{"allow":["GET"]}}],"collection":[{"href":"https:\/\/www.fertigungstechnik-wettringen.de\/index.php\/wp-json\/wp\/v2\/pages"}],"about":[{"href":"https:\/\/www.fertigungstechnik-wettringen.de\/index.php\/wp-json\/wp\/v2\/types\/page"}],"author":[{"embeddable":true,"href":"https:\/\/www.fertigungstechnik-wettringen.de\/index.php\/wp-json\/wp\/v2\/users\/1"}],"replies":[{"embeddable":true,"href":"https:\/\/www.fertigungstechnik-wettringen.de\/index.php\/wp-json\/wp\/v2\/comments?post=40"}],"version-history":[{"count":12,"href":"https:\/\/www.fertigungstechnik-wettringen.de\/index.php\/wp-json\/wp\/v2\/pages\/40\/revisions"}],"predecessor-version":[{"id":496,"href":"https:\/\/www.fertigungstechnik-wettringen.de\/index.php\/wp-json\/wp\/v2\/pages\/40\/revisions\/496"}],"up":[{"embeddable":true,"href":"https:\/\/www.fertigungstechnik-wettringen.de\/index.php\/wp-json\/wp\/v2\/pages\/13"}],"wp:attachment":[{"href":"https:\/\/www.fertigungstechnik-wettringen.de\/index.php\/wp-json\/wp\/v2\/media?parent=40"}],"curies":[{"name":"wp","href":"https:\/\/api.w.org\/{rel}","templated":true}]}}