{"id":476,"date":"2021-05-27T13:17:44","date_gmt":"2021-05-27T11:17:44","guid":{"rendered":"https:\/\/www.fertigungstechnik-wettringen.de\/?page_id=476"},"modified":"2021-05-27T13:30:55","modified_gmt":"2021-05-27T11:30:55","slug":"karriere","status":"publish","type":"page","link":"https:\/\/www.fertigungstechnik-wettringen.de\/index.php\/karriere\/","title":{"rendered":"Karriere"},"content":{"rendered":"<\/div><\/div><\/div><!-- close content main div --><\/div><\/div><div id='full_slider_1' class='avia-fullwidth-slider main_color avia-shadow   container_wrap sidebar_left'   ><div  data-size='featured'  data-lightbox_size='large'  data-animation='slide'  data-ids='174'  data-video_counter='0'  data-autoplay='false'  data-bg_slider='false'  data-slide_height=''  data-handle='av_slideshow_full'  data-interval='5'  data-class=' '  data-css_id=''  data-scroll_down=''  data-control_layout='av-control-default'  data-custom_markup=''  data-perma_caption='aviaTBperma_caption'  data-autoplay_stopper=''  data-image_attachment=''  data-min_height='0px'  data-src=''  data-position='top left'  data-repeat='no-repeat'  data-attach='scroll'  data-stretch=''  data-default-height='28.6666666667'  class='avia-slideshow avia-slideshow-1  av-control-default av-default-height-applied avia-slideshow-featured av_slideshow_full   avia-slide-slider '  itemprop=\"ImageObject\" itemscope=\"itemscope\" itemtype=\"https:\/\/schema.org\/ImageObject\" ><ul class='avia-slideshow-inner' style='padding-bottom: 20.8333333333%;'><li  class=' av-single-slide slide-1 ' ><div data-rel='slideshow-1' class='avia-slide-wrap'  ><img src='https:\/\/www.fertigungstechnik-wettringen.de\/wp-content\/uploads\/2016\/03\/Fertigungstechnik_Wettringen_Header9.jpg' width='1200' height='250' title='Fertigungstechnik_Wettringen_Header9' alt=''  itemprop=\"thumbnailUrl\"   \/><\/div><\/li><\/ul><\/div><\/div>\n<section class=\"av_textblock_section \"  itemscope=\"itemscope\" itemtype=\"https:\/\/schema.org\/CreativeWork\" ><div class='avia_textblock  '   itemprop=\"text\" ><p>Wir suchen:<\/p>\n<\/div><\/section>\n<section class=\"av_textblock_section \"  itemscope=\"itemscope\" itemtype=\"https:\/\/schema.org\/CreativeWork\" ><div class='avia_textblock  '   itemprop=\"text\" ><h1>Industriemechaniker f\u00fcr CNC-Drehmaschinen (m\/w\/d)<\/h1>\n<\/div><\/section>\n<div class=\"flex_column av_one_half  flex_column_div av-zero-column-padding first  \" style='border-radius:0px; '><p><section class=\"av_textblock_section \"  itemscope=\"itemscope\" itemtype=\"https:\/\/schema.org\/CreativeWork\" ><div class='avia_textblock  '   itemprop=\"text\" ><p><strong>Das sind wir:<\/strong><\/p>\n<p>Wir sind ein verl\u00e4sslicher und qualit\u00e4tsbewusster Partner in der Herstellung hochwertiger Hydraulikkomponenten. Aber auch im Fahrzeug-, Maschinen- und Anlagebau sowie in der Baumaschinenbranche sind wir ein zuverl\u00e4ssiger Zulieferer.<\/p>\n<p>Seit der Gr\u00fcndung im Jahr 2000 w\u00e4chst das Unternehmen kontinuierlich. Heute fertigen 20 Mitarbeiter auf \u00fcber 4500 Quadratmetern mit modernen CNC-Maschinen komplexe Einzelteile, Prototypen und Gro\u00dfserien.<\/p>\n<p>Innovation und unser pers\u00f6nliches Engagement sowie die Ausstattung unseres Maschinenparks erm\u00f6glichen eine Qualit\u00e4t und Flexibilit\u00e4t, die auch Ihre Anspr\u00fcche zufrieden stellt. Beste Verkehrsanbindung zur A6 und A7 ist ein weiterer Standortvorteil.<\/p>\n<p><strong>Unser Know-how \u2013 Ihr Vorteil<\/strong><\/p>\n<\/div><\/section><br \/>\n<section class=\"av_textblock_section \"  itemscope=\"itemscope\" itemtype=\"https:\/\/schema.org\/CreativeWork\" ><div class='avia_textblock  '   itemprop=\"text\" ><p><strong>Ihre Aufgaben:<\/strong><\/p>\n<ul>\n<li>Programmieren und Bedienen von CNC- Dreh- und Fr\u00e4smaschinen<\/li>\n<li>Qualit\u00e4tskontrolle<\/li>\n<li>Arbeit nach Zeichnungen und Pl\u00e4nen<\/li>\n<\/ul>\n<p><strong>Das bringen Sie mit:<\/strong><\/p>\n<ul>\n<li>abgeschlossene Berufsausbildung zum Industriemechaniker oder eine vergleichbare Qualifikation<\/li>\n<li>Berufserfahrung mit Mazak CNC- Drehmaschinen w\u00fcnschenswert<\/li>\n<li>L\u00f6sungsorientierte Arbeitsweise<\/li>\n<li>Qualit\u00e4ts- und Verantwortungsbewusstsein<\/li>\n<li>Hohe Einsatzbereitschaft, Flexibilit\u00e4t und Teamf\u00e4higkeit<\/li>\n<\/ul>\n<p><strong>Das bieten wir:<\/strong><\/p>\n<ul>\n<li>Leistungsgerechte Bezahlung<\/li>\n<li>Betriebliche Altersversorge<\/li>\n<li>Betriebliche Krankenversicherung<\/li>\n<li>Urlaubsgeld<\/li>\n<li>Weiterbildungsm\u00f6glichkeiten durch Schulungen<\/li>\n<\/ul>\n<\/div><\/section><\/p><\/div><div class=\"flex_column av_one_half  flex_column_div av-zero-column-padding   \" style='border-radius:0px; '><p><div class='avia-gallery  avia-gallery-1 deactivate_avia_lazyload avia_animate_when_visible '  itemprop=\"ImageObject\" itemscope=\"itemscope\" itemtype=\"https:\/\/schema.org\/ImageObject\" ><div class='avia-gallery-thumb'> <a href='https:\/\/www.fertigungstechnik-wettringen.de\/wp-content\/uploads\/2016\/03\/Leistungsspektrum2.jpg' data-rel='gallery-1' data-prev-img='https:\/\/www.fertigungstechnik-wettringen.de\/wp-content\/uploads\/2016\/03\/Leistungsspektrum2-300x240.jpg' class='first_thumb lightbox ' data-onclick='1' title=''  itemprop=\"thumbnailUrl\" ><img  src='https:\/\/www.fertigungstechnik-wettringen.de\/wp-content\/uploads\/2016\/03\/Leistungsspektrum2-260x185.jpg' width='260' height='185'  title='Leistungsspektrum2' alt='' \/><\/a> <a href='https:\/\/www.fertigungstechnik-wettringen.de\/wp-content\/uploads\/2016\/03\/Aktuelle_Meldung2.jpg' data-rel='gallery-1' data-prev-img='https:\/\/www.fertigungstechnik-wettringen.de\/wp-content\/uploads\/2016\/03\/Aktuelle_Meldung2-300x240.jpg' class='first_thumb lightbox ' data-onclick='2' title=''  itemprop=\"thumbnailUrl\" ><img  src='https:\/\/www.fertigungstechnik-wettringen.de\/wp-content\/uploads\/2016\/03\/Aktuelle_Meldung2-260x185.jpg' width='260' height='185'  title='Aktuelle_Meldung2' alt='' \/><\/a> <a href='https:\/\/www.fertigungstechnik-wettringen.de\/wp-content\/uploads\/2016\/07\/Referenzen1.jpg' data-rel='gallery-1' data-prev-img='https:\/\/www.fertigungstechnik-wettringen.de\/wp-content\/uploads\/2016\/07\/Referenzen1-300x240.jpg' class='first_thumb lightbox ' data-onclick='3' title=''  itemprop=\"thumbnailUrl\" ><img  src='https:\/\/www.fertigungstechnik-wettringen.de\/wp-content\/uploads\/2016\/07\/Referenzen1-260x185.jpg' width='260' height='185'  title='Referenzen1' alt='' \/><\/a><\/div><\/div><br \/>\n<section class=\"av_textblock_section \"  itemscope=\"itemscope\" itemtype=\"https:\/\/schema.org\/CreativeWork\" ><div class='avia_textblock  '   itemprop=\"text\" ><p><strong>Ihr Ansprechpartner: <\/strong><\/p>\n<p>Claudia Straub (Gesch\u00e4ftsf\u00fchrerin)<br \/>\nTel: 09869 \/ 9783-15<br \/>\nMail: <a href=\"mailto:c.straub@ft-wettringen.de\">c.straub@ft-wettringen.de<\/a><\/p>\n<\/div><\/section><\/p><\/div><\/p>\n","protected":false},"excerpt":{"rendered":"","protected":false},"author":2,"featured_media":0,"parent":0,"menu_order":0,"comment_status":"closed","ping_status":"closed","template":"","meta":{"footnotes":""},"class_list":["post-476","page","type-page","status-publish","hentry"],"_links":{"self":[{"href":"https:\/\/www.fertigungstechnik-wettringen.de\/index.php\/wp-json\/wp\/v2\/pages\/476","targetHints":{"allow":["GET"]}}],"collection":[{"href":"https:\/\/www.fertigungstechnik-wettringen.de\/index.php\/wp-json\/wp\/v2\/pages"}],"about":[{"href":"https:\/\/www.fertigungstechnik-wettringen.de\/index.php\/wp-json\/wp\/v2\/types\/page"}],"author":[{"embeddable":true,"href":"https:\/\/www.fertigungstechnik-wettringen.de\/index.php\/wp-json\/wp\/v2\/users\/2"}],"replies":[{"embeddable":true,"href":"https:\/\/www.fertigungstechnik-wettringen.de\/index.php\/wp-json\/wp\/v2\/comments?post=476"}],"version-history":[{"count":6,"href":"https:\/\/www.fertigungstechnik-wettringen.de\/index.php\/wp-json\/wp\/v2\/pages\/476\/revisions"}],"predecessor-version":[{"id":482,"href":"https:\/\/www.fertigungstechnik-wettringen.de\/index.php\/wp-json\/wp\/v2\/pages\/476\/revisions\/482"}],"wp:attachment":[{"href":"https:\/\/www.fertigungstechnik-wettringen.de\/index.php\/wp-json\/wp\/v2\/media?parent=476"}],"curies":[{"name":"wp","href":"https:\/\/api.w.org\/{rel}","templated":true}]}}